{"id":530,"date":"2019-11-02T16:59:12","date_gmt":"2019-11-02T16:59:12","guid":{"rendered":"http:\/\/proinno.eu\/hu\/?page_id=530"},"modified":"2019-11-09T14:31:00","modified_gmt":"2019-11-09T14:31:00","slug":"kandallobetetek-spartherm","status":"publish","type":"page","link":"http:\/\/proinno.eu\/hu\/kandallobetetek-spartherm\/","title":{"rendered":"Kandall\u00f3bet\u00e9tek (Spartherm)"},"content":{"rendered":"\n<h2><strong>Spartherm Feuerungstechnik GmbH<\/strong><\/h2>\n\n\n\n<p>Eur\u00f3pa vezet\u0151\nkandall\u00f3bet\u00e9t gy\u00e1rt\u00f3ja a n\u00e9met Spartherm Feuerungstechnik GmbH.\nTerm\u00e9keire t\u00f6bbs\u00e9g\u00e9ben 5 \u00e9v garanci\u00e1t ad. Sz\u00e9les term\u00e9k\nv\u00e1laszt\u00e9kkal rendelkezik, \u00e9s extra m\u00e9ret\u0171, form\u00e1j\u00fa bet\u00e9teket\nis k\u00edn\u00e1lnak<\/p>\n\n\n\n<p>El\u00e9het\u0151s\u00e9ge a <a rel=\"noreferrer noopener\" aria-label=\"linken (\u00faj f\u00fcl\u00f6n nyitja meg)\" href=\"https:\/\/www.spartherm.com\/en\/home\/\" target=\"_blank\">linken<\/a> tal\u00e1lhat\u00f3.<\/p>\n\n\n\n<div class=\"wp-block-image\"><figure class=\"aligncenter\"><img src=\"http:\/\/proinno.eu\/hu\/wp-content\/uploads\/2019\/11\/Spartherm.png\" alt=\"\" class=\"wp-image-532\"\/><\/figure><\/div>\n\n\n\n<ul class=\"wp-block-gallery columns-3 is-cropped\"><li class=\"blocks-gallery-item\"><figure><img src=\"http:\/\/proinno.eu\/hu\/wp-content\/uploads\/2019\/11\/spartherm1.png\" alt=\"\" data-id=\"565\" data-link=\"http:\/\/proinno.eu\/hu\/kandallobetetek-spartherm\/spartherm1\/\" class=\"wp-image-565\"\/><\/figure><\/li><li class=\"blocks-gallery-item\"><figure><img src=\"http:\/\/proinno.eu\/hu\/wp-content\/uploads\/2019\/11\/spartherm2.png\" alt=\"\" data-id=\"566\" data-link=\"http:\/\/proinno.eu\/hu\/kandallobetetek-spartherm\/spartherm2\/\" class=\"wp-image-566\"\/><\/figure><\/li><li class=\"blocks-gallery-item\"><figure><img src=\"http:\/\/proinno.eu\/hu\/wp-content\/uploads\/2019\/11\/spartherm3.png\" alt=\"\" data-id=\"567\" data-link=\"http:\/\/proinno.eu\/hu\/kandallobetetek-spartherm\/spartherm3\/\" class=\"wp-image-567\"\/><\/figure><\/li><li class=\"blocks-gallery-item\"><figure><img src=\"http:\/\/proinno.eu\/hu\/wp-content\/uploads\/2019\/11\/spartherm4.png\" alt=\"\" data-id=\"568\" data-link=\"http:\/\/proinno.eu\/hu\/kandallobetetek-spartherm\/spartherm4\/\" class=\"wp-image-568\"\/><\/figure><\/li><\/ul>\n\n\n\n<figure class=\"wp-block-image\"><img src=\"http:\/\/proinno.eu\/hu\/wp-content\/uploads\/2019\/11\/spartherm5.png\" alt=\"\" class=\"wp-image-569\"\/><\/figure>\n\n\n\n<figure class=\"wp-block-image\"><img src=\"http:\/\/proinno.eu\/hu\/wp-content\/uploads\/2019\/11\/spartherm6.png\" alt=\"\" class=\"wp-image-570\"\/><\/figure>\n\n\n\n<p>Le\u00e1ny v\u00e1llalata:<\/p>\n\n\n\n<figure class=\"wp-block-image\"><img src=\"http:\/\/proinno.eu\/hu\/wp-content\/uploads\/2019\/11\/spartherm7.png\" alt=\"\" class=\"wp-image-571\"\/><\/figure>\n\n\n\n<figure class=\"wp-block-image\"><img src=\"http:\/\/proinno.eu\/hu\/wp-content\/uploads\/2019\/11\/spartherm8.png\" alt=\"\" class=\"wp-image-572\"\/><\/figure>\n","protected":false},"excerpt":{"rendered":"<p>Spartherm Feuerungstechnik GmbH Eur\u00f3pa vezet\u0151 kandall\u00f3bet\u00e9t gy\u00e1rt\u00f3ja a n\u00e9met Spartherm Feuerungstechnik GmbH. Term\u00e9keire t\u00f6bbs\u00e9g\u00e9ben 5 \u00e9v garanci\u00e1t ad. Sz\u00e9les term\u00e9k v\u00e1laszt\u00e9kkal rendelkezik, \u00e9s extra m\u00e9ret\u0171, form\u00e1j\u00fa bet\u00e9teket is k\u00edn\u00e1lnak El\u00e9het\u0151s\u00e9ge a linken tal\u00e1lhat\u00f3. Le\u00e1ny v\u00e1llalata:<\/p>\n","protected":false},"author":1,"featured_media":0,"parent":0,"menu_order":0,"comment_status":"closed","ping_status":"closed","template":"","meta":[],"_links":{"self":[{"href":"http:\/\/proinno.eu\/hu\/wp-json\/wp\/v2\/pages\/530"}],"collection":[{"href":"http:\/\/proinno.eu\/hu\/wp-json\/wp\/v2\/pages"}],"about":[{"href":"http:\/\/proinno.eu\/hu\/wp-json\/wp\/v2\/types\/page"}],"author":[{"embeddable":true,"href":"http:\/\/proinno.eu\/hu\/wp-json\/wp\/v2\/users\/1"}],"replies":[{"embeddable":true,"href":"http:\/\/proinno.eu\/hu\/wp-json\/wp\/v2\/comments?post=530"}],"version-history":[{"count":4,"href":"http:\/\/proinno.eu\/hu\/wp-json\/wp\/v2\/pages\/530\/revisions"}],"predecessor-version":[{"id":573,"href":"http:\/\/proinno.eu\/hu\/wp-json\/wp\/v2\/pages\/530\/revisions\/573"}],"wp:attachment":[{"href":"http:\/\/proinno.eu\/hu\/wp-json\/wp\/v2\/media?parent=530"}],"curies":[{"name":"wp","href":"https:\/\/api.w.org\/{rel}","templated":true}]}}