{"id":461,"date":"2019-10-26T18:53:10","date_gmt":"2019-10-26T18:53:10","guid":{"rendered":"http:\/\/proinno.eu\/hu\/?page_id=461"},"modified":"2021-01-14T12:08:04","modified_gmt":"2021-01-14T12:08:04","slug":"helyszinen-befejezett-kandallo","status":"publish","type":"page","link":"http:\/\/proinno.eu\/hu\/helyszinen-befejezett-kandallo\/","title":{"rendered":"Helysz\u00ednen befejezett kandall\u00f3"},"content":{"rendered":"\n<p>A helysz\u00ednen befejezett kandall\u00f3 eset\u00e9n a kandall\u00f3t lapra szerelt \u00e1llapotra el\u0151k\u00e9sz\u00edtj\u00fck \u00fczem\u00fcnkben, a vev\u0151nek a befejez\u00e9si munk\u00e1hoz a helysz\u00ednt 2-3 napra kell biztos\u00edtania. Az el\u0151gy\u00e1rt\u00e1snak k\u00f6sz\u00f6nhet\u0151en r\u00f6vid id\u0151 alatt, pormentesen fejezz\u00fck be a kandall\u00f3 helysz\u00edni telep\u00edt\u00e9s\u00e9t.<\/p>\n\n\n\n<p>Burkolatokra vonatkoz\u00f3 inform\u00e1ci\u00f3 a <a href=\"http:\/\/proinno.eu\/hu\/burkolatok\/\">burkolatok<\/a> f\u00fcln\u00e9l tal\u00e1lhat\u00f3ak.<\/p>\n\n\n\n<div class=\"wp-block-image\"><figure class=\"aligncenter\"><img src=\"http:\/\/proinno.eu\/hu\/wp-content\/uploads\/2019\/11\/helybef8.png\" alt=\"\" class=\"wp-image-527\"\/><\/figure><\/div>\n\n\n\n<h2><strong>\u00c9p\u00edt\u0151 elemek<\/strong><\/h2>\n\n\n\n<p>A l\u00e1bazat p\u00f3rus betonb\u00f3l k\u00e9sz\u00fcl, hiszen ez hideg z\u00f3na. A k\u00f6penyt h\u0151t\u00e1rol\u00f3-h\u0151vezet\u0151 elemb\u0151l \u00e9p\u00edtj\u00fck fel. A k\u00f6peny anyaga magnezit lap, vagy ig\u00e9ny szerint samott lap. Ragaszt\u00f3: t\u00f6bbnyire a nagy k\u00f6t\u0151 szil\u00e1rds\u00e1got biztos\u00edt\u00f3 Ortner GmbH ragaszt\u00f3ja, vagy az ezzel egyen\u00e9rt\u00e9k\u0171 min\u0151s\u00e9g\u0171 ragaszt\u00f3.<\/p>\n\n\n\n<h2><strong>T\u0171zt\u00e9r Bet\u00e9tek<\/strong><\/h2>\n\n\n\n<p>C\u00e9g\u00fcnk alapvet\u0151en k\u00e9t c\u00e9g term\u00e9k\u00e9t prefer\u00e1lja:<\/p>\n\n\n\n<ul><li> Spartherm: n\u00e9met gy\u00e1rt\u00f3, j\u00f3 min\u0151s\u00e9g\u0171, extra ig\u00e9nyeket is kiel\u00e9g\u00edt\u0151, magasabb \u00e1rfekv\u00e9s\u0171 term\u00e9ket gy\u00e1rt<\/li><li> Kratki: lengyel, j\u00f3 min\u0151s\u00e9g\u0171, kedvez\u0151bb \u00e1rfekv\u00e9s\u0171 term\u00e9ket gy\u00e1rt. T\u00f6bbs\u00e9g\u00e9ben 5 \u00e9v j\u00f3t\u00e1ll\u00e1st v\u00e1llal. <\/li><\/ul>\n","protected":false},"excerpt":{"rendered":"<p>A helysz\u00ednen befejezett kandall\u00f3 eset\u00e9n a kandall\u00f3t lapra szerelt \u00e1llapotra el\u0151k\u00e9sz\u00edtj\u00fck \u00fczem\u00fcnkben, a vev\u0151nek a befejez\u00e9si munk\u00e1hoz a helysz\u00ednt 2-3 napra kell biztos\u00edtania. Az el\u0151gy\u00e1rt\u00e1snak k\u00f6sz\u00f6nhet\u0151en r\u00f6vid id\u0151 alatt, pormentesen fejezz\u00fck be a kandall\u00f3 helysz\u00edni telep\u00edt\u00e9s\u00e9t. Burkolatokra vonatkoz\u00f3 inform\u00e1ci\u00f3 a burkolatok f\u00fcln\u00e9l tal\u00e1lhat\u00f3ak. \u00c9p\u00edt\u0151 elemek A l\u00e1bazat p\u00f3rus betonb\u00f3l k\u00e9sz\u00fcl, hiszen ez hideg z\u00f3na. A &hellip; <a href=\"http:\/\/proinno.eu\/hu\/helyszinen-befejezett-kandallo\/\" class=\"more-link\"><span class=\"screen-reader-text\">Helysz\u00ednen befejezett kandall\u00f3<\/span> r\u00e9szletei&#8230;<\/a><\/p>\n","protected":false},"author":1,"featured_media":0,"parent":0,"menu_order":0,"comment_status":"closed","ping_status":"closed","template":"","meta":[],"_links":{"self":[{"href":"http:\/\/proinno.eu\/hu\/wp-json\/wp\/v2\/pages\/461"}],"collection":[{"href":"http:\/\/proinno.eu\/hu\/wp-json\/wp\/v2\/pages"}],"about":[{"href":"http:\/\/proinno.eu\/hu\/wp-json\/wp\/v2\/types\/page"}],"author":[{"embeddable":true,"href":"http:\/\/proinno.eu\/hu\/wp-json\/wp\/v2\/users\/1"}],"replies":[{"embeddable":true,"href":"http:\/\/proinno.eu\/hu\/wp-json\/wp\/v2\/comments?post=461"}],"version-history":[{"count":4,"href":"http:\/\/proinno.eu\/hu\/wp-json\/wp\/v2\/pages\/461\/revisions"}],"predecessor-version":[{"id":583,"href":"http:\/\/proinno.eu\/hu\/wp-json\/wp\/v2\/pages\/461\/revisions\/583"}],"wp:attachment":[{"href":"http:\/\/proinno.eu\/hu\/wp-json\/wp\/v2\/media?parent=461"}],"curies":[{"name":"wp","href":"https:\/\/api.w.org\/{rel}","templated":true}]}}