{"id":351,"date":"2019-10-26T15:40:58","date_gmt":"2019-10-26T15:40:58","guid":{"rendered":"http:\/\/proinno.eu\/hu\/?page_id=351"},"modified":"2019-10-26T17:06:31","modified_gmt":"2019-10-26T17:06:31","slug":"a-megfelelo-tuzifa-helyes-fatarolas","status":"publish","type":"page","link":"http:\/\/proinno.eu\/hu\/a-megfelelo-tuzifa-helyes-fatarolas\/","title":{"rendered":"A megfelel\u0151 t\u0171zifa, helyes fat\u00e1rol\u00e1s"},"content":{"rendered":"\n<p>A\nt\u0171zif\u00e1val t\u00f6rt\u00e9n\u0151 f\u0171t\u00e9st egyre t\u00f6bben v\u00e1lasztj\u00e1k ak\u00e1r\nalap- ak\u00e1r kieg\u00e9sz\u00edt\u0151f\u0171t\u00e9sk\u00e9nt is. A kandall\u00f3 nemcsak meleget\nad \u00e9s romantikus l\u00e9gk\u00f6rt teremt, hanem k\u00f6rnyezetbar\u00e1t\nalternat\u00edv\u00e1ja az egy\u00e9b f\u0171t\u00e9snek.<\/p>\n\n\n\n<p>M\u00e9g\negy kis fat\u00fczel\u00e9s\u0171 t\u0171zhely is elegend\u0151 h\u0151t szolg\u00e1ltat az\n\u00e1tmeneti id\u0151szakokban ahhoz, hogy k\u00e9sleltesse a k\u00f6zponti f\u0171t\u00e9s\nmegkezd\u00e9s\u00e9t. Az alacsony k\u00f6rnyezeti terhel\u00e9s, ill. a k\u00f6lts\u00e9gek\nalacsonyan tart\u00e1sa miatt fontos az optim\u00e1lis \u00e9g\u00e9s biztos\u00edt\u00e1sa.\nHa a fa nedves vagy t\u00fal kev\u00e9s az oxig\u00e9n, akkor k\u00e1ros anyagok,\np\u00e9ld\u00e1ul sz\u00e9n-monoxid \u00e9s policiklusos sz\u00e9nhidrog\u00e9nek k\u00e9pz\u0151dnek.\nA megfelel\u0151 f\u0171t\u00e9s a t\u0171zifa helyes megv\u00e1laszt\u00e1s\u00e1val \u00e9s\nt\u00e1rol\u00e1s\u00e1val kezd\u0151dik.<\/p>\n\n\n\n<h2><strong>A t\u0171zifa<\/strong><\/h2>\n\n\n\n<p>A bark\u00e1cs \u00fczletek \u00e9s a kert\u00e9szeti k\u00f6zpontok mellett \u00e1ltal\u00e1ban vannak olyan region\u00e1lis besz\u00e1ll\u00edt\u00f3k is, akik a t\u0171zif\u00e1t k\u00f6zvetlen\u00fcl otthonukba sz\u00e1ll\u00edtj\u00e1k. A fa \u00e1ra a fa t\u00edpus\u00e1t\u00f3l \u00e9s a r\u00f6nk m\u00e9ret\u00e9t\u0151l f\u00fcgg. A t\u00fczel\u00e9sre optim\u00e1lis fa \u00e1ltal\u00e1ban a legdr\u00e1g\u00e1bb is, ill. sokszor nem v\u00e1s\u00e1rolhat\u00f3 meg alacsony nedvess\u00e9g tartalommal.<\/p>\n\n\n\n<p>Legjobb a t\u0171zif\u00e1t &#8220;az erd\u0151ben frissen&#8221; f\u0171r\u00e9szelni, has\u00edtani, mert m\u00e9g az nedves. Amennyiben tov\u00e1bb feldolgoz\u00e1st ig\u00e9nyl\u0151 r\u00f6nkf\u00e1t v\u00e1s\u00e1rol, javasoljuk kezdje min\u00e9l el\u0151bb felf\u0171r\u00e9szelni, felhas\u00edtani.<\/p>\n\n\n\n<div class=\"wp-block-image\"><figure class=\"aligncenter\"><img src=\"http:\/\/proinno.eu\/hu\/wp-content\/uploads\/2019\/10\/t\u00fczifa1.png\" alt=\"\" class=\"wp-image-353\"\/><\/figure><\/div>\n\n\n\n<div class=\"wp-block-columns has-2-columns\">\n<div class=\"wp-block-column\">\n<p>A\nhas\u00edt\u00e1st el\u0151seg\u00edti a fa \u00e9k haszn\u00e1lata<strong>.<\/strong><\/p>\n<\/div>\n\n\n\n<div class=\"wp-block-column\">\n<figure class=\"wp-block-image\"><img src=\"http:\/\/proinno.eu\/hu\/wp-content\/uploads\/2019\/10\/tuzifa2.png\" alt=\"\" class=\"wp-image-355\"\/><\/figure>\n<\/div>\n<\/div>\n\n\n\n<div class=\"wp-block-columns has-2-columns\">\n<div class=\"wp-block-column\">\n<p>Az\n\u00e9k megrepeszti a far\u00f6nk\u00f6t, ut\u00e1na lehet azt sz\u00e9thas\u00edtani.<\/p>\n<\/div>\n\n\n\n<div class=\"wp-block-column\">\n<figure class=\"wp-block-image\"><img src=\"http:\/\/proinno.eu\/hu\/wp-content\/uploads\/2019\/10\/tuzifa3.png\" alt=\"\" class=\"wp-image-356\"\/><\/figure>\n<\/div>\n<\/div>\n\n\n\n<div class=\"wp-block-columns has-2-columns\">\n<div class=\"wp-block-column\">\n<p>Kisebb\nr\u00f6nk \u00e9k n\u00e9lk\u00fcl, az el\u00e9j\u00e9r\u0151l meg\u00fctve has\u00edthat\u00f3.<\/p>\n<\/div>\n\n\n\n<div class=\"wp-block-column\">\n<figure class=\"wp-block-image\"><img src=\"http:\/\/proinno.eu\/hu\/wp-content\/uploads\/2019\/10\/tuzifa4-1024x575.png\" alt=\"\" class=\"wp-image-357\"\/><\/figure>\n<\/div>\n<\/div>\n\n\n\n<h2>A t\u0171zifa megfelel\u0151 t\u00e1rol\u00e1sa<\/h2>\n\n\n\n<p>A kandall\u00f3 tulajdonosok gyakori k\u00e9rd\u00e9se, hogy mi az optim\u00e1lis k\u00e9szletmennyis\u00e9g. A helytakar\u00e9koss\u00e1g \u00e9rdek\u00e9ben \u00e9vsz\u00e1zadok \u00f3ta szok\u00e1s a fatusk\u00f3kat, fahas\u00e1bot egym\u00e1sra rakni. A szabadon \u00e1ll\u00f3 halom magass\u00e1ga a r\u00f6nk m\u00e9ret\u00e9t\u0151l \u00e9s alakj\u00e1t\u00f3l f\u00fcgg.<\/p>\n\n\n\n<p>A kicsi \u00e9s szab\u00e1lytalan alak\u00fa faelemeket alig lehet stabilan felhalmozni an\u00e9lk\u00fcl, hogy az egy er\u0151s \u0151szi viharban ne omoljon \u00f6ssze. Az ilyen f\u0171r\u00e9sz\u00e1rukhoz a nagy f\u00e9mr\u00e1csos gy\u0171jt\u0151ed\u00e9nyek javasoltak. A halmozhat\u00f3 farakat mennyis\u00e9ge nem utols\u00f3sorban a munk\u00e1t v\u00e9gz\u0151 szem\u00e9ly k\u00e9pzetts\u00e9g\u00e9t\u0151l \u00e9s tapasztalat\u00e1t\u00f3l f\u00fcgg. Ha cs\u00f6kkenteni k\u00edv\u00e1nja a rizik\u00f3t, haszn\u00e1ljon halmoz\u00e1si seg\u00e9deszk\u00f6zt, amely megakad\u00e1lyozza a fatusk\u00f3k, fahas\u00e1bok oldalra cs\u00fasz\u00e1s\u00e1t.<\/p>\n\n\n\n<p>Ha\naz erd\u0151ben t\u00e1roljuk a fahas\u00e1bokat, akkor el\u0151sz\u00f6r is fektess\u00fcnk\na f\u00f6ldre k\u00e9t darab hosszabb has\u00e1bot, majd kereszteben rakjuk r\u00e1 a\nt\u00f6bbi has\u00e1bot.<\/p>\n\n\n\n<div class=\"wp-block-columns has-2-columns\">\n<div class=\"wp-block-column\">\n<figure class=\"wp-block-image\"><img src=\"http:\/\/proinno.eu\/hu\/wp-content\/uploads\/2019\/10\/tuzifa5.png\" alt=\"\" class=\"wp-image-363\"\/><\/figure>\n<\/div>\n\n\n\n<div class=\"wp-block-column\">\n<figure class=\"wp-block-image\"><img src=\"http:\/\/proinno.eu\/hu\/wp-content\/uploads\/2019\/10\/tuzifa6.png\" alt=\"\" class=\"wp-image-364\"\/><\/figure>\n<\/div>\n<\/div>\n\n\n\n<div class=\"wp-block-columns has-2-columns\">\n<div class=\"wp-block-column\">\n<p>Majd\nism\u00e9t keresztben \u00e9p\u00edtkezz\u00fcnk.<\/p>\n<\/div>\n\n\n\n<div class=\"wp-block-column\">\n<figure class=\"wp-block-image\"><img src=\"http:\/\/proinno.eu\/hu\/wp-content\/uploads\/2019\/10\/tuzifa7.png\" alt=\"\" class=\"wp-image-366\"\/><\/figure>\n<\/div>\n<\/div>\n\n\n\n<p>Lehet vegyes megold\u00e1s is, a sz\u00e9ls\u0151 oldal\u00e1n az el\u0151bb eml\u00edtett m\u00f3dszerrel kell t\u00e1mfalat \u00e9p\u00edteni, k\u00f6z\u00f6tte rakhatjuk az \u00e1br\u00e1n l\u00e1that\u00f3 m\u00f3don.<\/p>\n\n\n\n<div class=\"wp-block-image\"><figure class=\"aligncenter\"><img src=\"http:\/\/proinno.eu\/hu\/wp-content\/uploads\/2019\/10\/tuzifa8.png\" alt=\"\" class=\"wp-image-369\"\/><\/figure><\/div>\n\n\n\n<p>M\u00e1s m\u00f3dszer, hogy k\u00e9t oldalt kar\u00f3zzuk a farak\u00e1st \u00e9s dr\u00f3ttal \u00f6sszek\u00f6tj\u00fck a kar\u00f3kat, ekkor szint\u00e9n stabil rakatot kapunk.<\/p>\n\n\n\n<div class=\"wp-block-columns has-2-columns\">\n<div class=\"wp-block-column\">\n<figure class=\"wp-block-image\"><img src=\"http:\/\/proinno.eu\/hu\/wp-content\/uploads\/2019\/10\/tuzifa9.png\" alt=\"\" class=\"wp-image-372\"\/><\/figure>\n<\/div>\n\n\n\n<div class=\"wp-block-column\">\n<figure class=\"wp-block-image is-resized\"><img loading=\"lazy\" src=\"http:\/\/proinno.eu\/hu\/wp-content\/uploads\/2019\/10\/tuzifa10.png\" alt=\"\" class=\"wp-image-373\" width=\"308\" height=\"106\"\/><\/figure>\n<\/div>\n<\/div>\n\n\n\n<p>Romantikus be\u00e1ll\u00edtotts\u00e1g\u00faak \u00edgy is \u00e9p\u00edtkezhetnek:<\/p>\n\n\n\n<div class=\"wp-block-image\"><figure class=\"aligncenter\"><img src=\"http:\/\/proinno.eu\/hu\/wp-content\/uploads\/2019\/10\/tuzifa11.png\" alt=\"\" class=\"wp-image-375\"\/><\/figure><\/div>\n\n\n\n<p>A h\u00e1z k\u00f6rny\u00e9ki, h\u00e1z melletti t\u00e1rol\u00e1s eset\u00e9ben<\/p>\n\n\n\n<div class=\"wp-block-image\"><figure class=\"aligncenter\"><img src=\"http:\/\/proinno.eu\/hu\/wp-content\/uploads\/2019\/10\/tuzifa12.png\" alt=\"\" class=\"wp-image-377\"\/><\/figure><\/div>\n\n\n\n<p>P\u00e9ld\u00e1ul \u00e9p\u00edthet\u00fcnk egy padozatot, mely t\u00f6k\u00e9letesebben biztos\u00edtja a szell\u0151z\u00e9st.<\/p>\n\n\n\n<div class=\"wp-block-columns has-2-columns\">\n<div class=\"wp-block-column\">\n<p>M\u00e1sik\nmegold\u00e1s a kalod\u00e1s t\u00e1rol\u00e1s.<\/p>\n<\/div>\n\n\n\n<div class=\"wp-block-column\">\n<figure class=\"wp-block-image is-resized\"><img loading=\"lazy\" src=\"http:\/\/proinno.eu\/hu\/wp-content\/uploads\/2019\/10\/tuzifa13.png\" alt=\"\" class=\"wp-image-380\" width=\"203\" height=\"190\"\/><\/figure>\n<\/div>\n<\/div>\n\n\n\n<p>Egy\u00e9b eleg\u00e1ns, j\u00f3 t\u00e1rol\u00e1si form\u00e1k:<\/p>\n\n\n\n<ul class=\"wp-block-gallery columns-3 is-cropped\"><li class=\"blocks-gallery-item\"><figure><img src=\"http:\/\/proinno.eu\/hu\/wp-content\/uploads\/2019\/10\/tuzifa14.png\" alt=\"\" data-id=\"383\" data-link=\"http:\/\/proinno.eu\/hu\/a-megfelelo-tuzifa-helyes-fatarolas\/tuzifa14\/\" class=\"wp-image-383\"\/><\/figure><\/li><li class=\"blocks-gallery-item\"><figure><img src=\"http:\/\/proinno.eu\/hu\/wp-content\/uploads\/2019\/10\/tuzifa15.png\" alt=\"\" data-id=\"384\" data-link=\"http:\/\/proinno.eu\/hu\/a-megfelelo-tuzifa-helyes-fatarolas\/tuzifa15\/\" class=\"wp-image-384\"\/><\/figure><\/li><li class=\"blocks-gallery-item\"><figure><img src=\"http:\/\/proinno.eu\/hu\/wp-content\/uploads\/2019\/10\/tuzifa16.png\" alt=\"\" data-id=\"385\" data-link=\"http:\/\/proinno.eu\/hu\/a-megfelelo-tuzifa-helyes-fatarolas\/tuzifa16\/\" class=\"wp-image-385\"\/><\/figure><\/li><\/ul>\n\n\n\n<div class=\"wp-block-columns has-2-columns\">\n<div class=\"wp-block-column\">\n<p>Hasznos,\nha a farakat egy r\u00e9sz\u00e9t a kandall\u00f3 mellett t\u00e1roljuk, mert itt\ntov\u00e1bb cs\u00f6kken a fa nedvess\u00e9gtartalma.<\/p>\n<\/div>\n\n\n\n<div class=\"wp-block-column\">\n<figure class=\"wp-block-image is-resized\"><img loading=\"lazy\" src=\"http:\/\/proinno.eu\/hu\/wp-content\/uploads\/2019\/10\/tuzifa17.png\" alt=\"\" class=\"wp-image-386\" width=\"121\" height=\"178\"\/><\/figure>\n<\/div>\n<\/div>\n\n\n\n<p>Fontos, hogy a t\u0171zif\u00e1t addig t\u00e1roljuk, am\u00edg sz\u00e1raz lesz, mivel nedvesen rendk\u00edv\u00fcl rosszul \u00e9g, kev\u00e9s h\u0151t bocs\u00e1t ki, mert az \u00e9g\u00e9ssel keletkez\u0151 h\u0151 jelent\u0151s r\u00e9sze a v\u00edz (nedvess\u00e9g) elp\u00e1rologtat\u00e1s\u00e1ra ford\u00edt\u00f3dik. A v\u00edz elp\u00e1rolgat\u00e1s\u00e1hoz r\u00e1ad\u00e1sul az un. rejtett h\u0151t is biztos\u00edtani kell (a rejtett h\u0151 a v\u00edz-g\u0151z f\u00e1zisv\u00e1lt\u00e1s\u00e1b\u00f3l ad\u00f3d\u00f3 h\u0151mennyis\u00e9g, mely h\u0151mennyis\u00e9get k\u00f6z\u00f6ln\u00fcnk kell a v\u00edzzel, hogy az elt\u00e1vozzon g\u0151z form\u00e1j\u00e1ban).<\/p>\n\n\n\n<figure class=\"wp-block-image\"><img src=\"http:\/\/proinno.eu\/hu\/wp-content\/uploads\/2019\/10\/tuzifa18.png\" alt=\"\" class=\"wp-image-389\"\/><\/figure>\n\n\n\n<p>Tov\u00e1bbi probl\u00e9ma, hogy nedves fa eset\u00e9ben sok f\u00fcst keletkezik, amely szennyezi a k\u00f6rnyezetet.<\/p>\n\n\n\n<div class=\"wp-block-image\"><figure class=\"aligncenter\"><img src=\"http:\/\/proinno.eu\/hu\/wp-content\/uploads\/2019\/10\/tuzifa19.png\" alt=\"\" class=\"wp-image-391\"\/><\/figure><\/div>\n\n\n\n<div class=\"wp-block-columns has-2-columns\">\n<div class=\"wp-block-column\">\n<p>Sz\u00e1raz\nfa hamuja, t\u00f6k\u00e9letes \u00e9g\u00e9s ut\u00e1n:<\/p>\n<\/div>\n\n\n\n<div class=\"wp-block-column\">\n<figure class=\"wp-block-image\"><img src=\"http:\/\/proinno.eu\/hu\/wp-content\/uploads\/2019\/10\/tuzifa20.png\" alt=\"\" class=\"wp-image-392\"\/><\/figure>\n<\/div>\n<\/div>\n\n\n\n<div class=\"wp-block-columns has-2-columns\">\n<div class=\"wp-block-column\">\n<p>Nedves\nfa hamuja, rossz \u00e9g\u00e9si k\u00f6r\u00fclm\u00e9nyek mellett:<\/p>\n<\/div>\n\n\n\n<div class=\"wp-block-column\">\n<figure class=\"wp-block-image\"><img src=\"http:\/\/proinno.eu\/hu\/wp-content\/uploads\/2019\/10\/tuzifa21.png\" alt=\"\" class=\"wp-image-393\"\/><\/figure>\n<\/div>\n<\/div>\n\n\n\n<div class=\"wp-block-columns has-2-columns\">\n<div class=\"wp-block-column\">\n<p>A\nt\u00f6k\u00e9letes \u00e9g\u00e9s l\u00e1tv\u00e1nya:<\/p>\n<\/div>\n\n\n\n<div class=\"wp-block-column\">\n<figure class=\"wp-block-image\"><img src=\"http:\/\/proinno.eu\/hu\/wp-content\/uploads\/2019\/10\/tuzifa22.png\" alt=\"\" class=\"wp-image-394\"\/><\/figure>\n<\/div>\n<\/div>\n\n\n\n<p>A fa nedvess\u00e9ge nedvess\u00e9gm\u00e9r\u0151vel \u00e1llap\u00edthat\u00f3 meg.<\/p>\n\n\n\n<div class=\"wp-block-columns has-2-columns\">\n<div class=\"wp-block-column\">\n<figure class=\"wp-block-image\"><img src=\"http:\/\/proinno.eu\/hu\/wp-content\/uploads\/2019\/10\/tuzifa23.png\" alt=\"\" class=\"wp-image-396\"\/><\/figure>\n<\/div>\n\n\n\n<div class=\"wp-block-column\">\n<figure class=\"wp-block-image is-resized\"><img loading=\"lazy\" src=\"http:\/\/proinno.eu\/hu\/wp-content\/uploads\/2019\/10\/tuzifa24.jpg\" alt=\"\" class=\"wp-image-397\" width=\"64\" height=\"177\"\/><\/figure>\n<\/div>\n<\/div>\n\n\n\n<p>A\nk\u00e9sz\u00fcl\u00e9k inform\u00e1ci\u00f3t szolg\u00e1ltathat a rakat\nnedvess\u00e9gtartalm\u00e1r\u00f3l. \u00c1ltal\u00e1nos szab\u00e1ly, min\u00e9l sz\u00e1razabb a\nt\u0171zifa, ann\u00e1l magasabb a f\u0171t\u0151\u00e9rt\u00e9ke (a kor\u00e1bban eml\u00edtett okok\nmiatt). \n<\/p>\n\n\n\n<p><strong>Egy\nk\u00f6bm\u00e9ter b\u00fckkfa optim\u00e1lis t\u00e1rol\u00e1ssal kb. 250 liter v\u00edz\nelp\u00e1rolg\u00e1s\u00e1t jelenti. <\/strong>\n<\/p>\n\n\n\n<p>Az\nide\u00e1lis t\u00e1rol\u00f3hely teh\u00e1t sz\u00e1raz (fedett) \u00e9s j\u00f3l szell\u0151ztetett.\nHa a fa nem megfelel\u0151 szell\u0151z\u00e9st kap, akkor a gomb\u00e1sodik, mely\njelens\u00e9g cs\u00f6kkenti a fa f\u0171t\u0151\u00e9rt\u00e9k\u00e9t. A t\u0171zif\u00e1t nemcsak az\nes\u0151t\u0151l, hanem a talaj nedvess\u00e9g\u00e9t\u0151l is v\u00e9deni kell. Ez\u00e9rt\nmag\u00e1t\u00f3l \u00e9rtet\u0151d\u0151, hogy a t\u0171zif\u00e1t fedett r\u00e9szen kell t\u00e1rolni,\n\u00e9s l\u00e9gr\u00e9st biztos\u00edtani a talajhoz k\u00e9pest. \nA t\u0171zif\u00e1t \u00e9rdemes lehet el\u0151sz\u00f6r a szabadban t\u00e1rolni,\nmajd ha a fa j\u00f3l kisz\u00e1radt, ut\u00e1na z\u00e1rtabb t\u00e9rben elhelyezni,\nugyanis a szabadban a sz\u00e1r\u00edt\u00e1s sokkal gyorsabb. Ha nedves a\nfat\u00f6meg (pl. az erd\u0151b\u0151l k\u00f6zvetlen\u00fcl z\u00e1rt t\u00e9rbe ker\u00fcl), akkor\nk\u00fcl\u00f6n\u00f6sen az \u0151szi-t\u00e9li-tavaszi emelkedett p\u00e1ratartalom miatt a\nfat\u00e1rol\u00f3 helyis\u00e9get gyakran kell szell\u0151ztetni.<\/p>\n\n\n\n<p>A r\u00e9gi paraszth\u00e1zakn\u00e1l m\u00e9g mindig megcsod\u00e1lhatj\u00e1k a k\u00f6zvetlen\u00fcl a bej\u00e1rati ajt\u00f3 mellett magasan rakott faanyagot. A tet\u0151vel fedett veranda t\u00e1vol tartja az es\u0151t, a sz\u00e9l, a nap viszont sz\u00e1r\u00edtja a t\u0171zif\u00e1t.<\/p>\n\n\n\n<div class=\"wp-block-image\"><figure class=\"aligncenter\"><img src=\"http:\/\/proinno.eu\/hu\/wp-content\/uploads\/2019\/10\/tuzifa25.png\" alt=\"\" class=\"wp-image-401\"\/><\/figure><\/div>\n\n\n\n<p>Romantikus,\nhangulatos megold\u00e1s ez, de legal\u00e1bb 20 cm-re t\u00e1roljuk a falhoz\nk\u00e9pest az eresz alatt, vagy letakarva.<\/p>\n\n\n\n<p>S\u00fcllyesztett\nt\u00e1rol\u00f3hely eset\u00e9ben k\u00fcl\u00f6n\u00f6sen fontos, a far\u00f6nk\u00f6t \u00fagy kell\nelhelyezni, hogy a l\u00e9g\u00e1raml\u00e1s \u00e1thaladjon k\u00f6z\u00f6tt\u00fck. \n<\/p>\n\n\n\n<p>T\u00e1rol\u00e1sra nem alkalmasak a z\u00e1rt terek, p\u00e9ld\u00e1ul pince, vagy m\u0171anyag f\u00f3li\u00e1s rakt\u00e1r. F\u00f3li\u00e1t vagy v\u00edz\u00e1ll\u00f3 ponyv\u00e1t csak fed\u00e9lk\u00e9nt szabad haszn\u00e1lni az es\u0151 ellen. <strong>A t\u0171zifa kb. K\u00e9t-h\u00e1rom \u00e9vet ig\u00e9nyel az alapos sz\u00e1rad\u00e1sig<\/strong>. Sokkal hosszabb ideig sem \u00e9rdemes t\u00e1rolni, mert a f\u0171t\u0151\u00e9rt\u00e9k id\u0151vel ism\u00e9t cs\u00f6kken, b\u00e1r lassan.<\/p>\n\n\n\n<div class=\"wp-block-columns has-2-columns\">\n<div class=\"wp-block-column\">\n<p>K\u00fcl\u00f6n\u00f6sen\nfontos, hogy a v\u00e1gott r\u00e9sz \u00e9rintkezzen a l\u00e9g\u00e1raml\u00e1si z\u00f3n\u00e1val,\nazaz ez a fel\u00fclet mindenk\u00e9ppen j\u00f3l szell\u0151ztetve legyen.<\/p>\n<\/div>\n\n\n\n<div class=\"wp-block-column\">\n<figure class=\"wp-block-image\"><img src=\"http:\/\/proinno.eu\/hu\/wp-content\/uploads\/2019\/10\/tuzifa26.png\" alt=\"\" class=\"wp-image-403\"\/><\/figure>\n\n\n\n<p><\/p>\n<\/div>\n<\/div>\n\n\n\n<h2><strong>A legjobb fafajt\u00e1k t\u0171zif\u00e1hoz<\/strong><\/h2>\n\n\n\n<p>A megfelel\u0151 t\u0171zifa kiv\u00e1laszt\u00e1sakor a fa f\u0171t\u0151\u00e9rt\u00e9k\u00e9t n\u00e9zz\u00fck d\u00f6nt\u0151en. Ebben a tekintetben a k\u00fcl\u00f6nb\u00f6z\u0151 fafajok jelent\u0151sen k\u00fcl\u00f6nb\u00f6znek egym\u00e1st\u00f3l. A legnagyobb f\u0171t\u0151\u00e9rt\u00e9k\u0171 a b\u00fckkfa.  <\/p>\n\n\n\n<div class=\"wp-block-image\"><figure class=\"aligncenter\"><img src=\"http:\/\/proinno.eu\/hu\/wp-content\/uploads\/2019\/10\/tuzifa27.png\" alt=\"\" class=\"wp-image-405\"\/><\/figure><\/div>\n\n\n\n<p>Hossz\u00fa\nideig izzik, \u00e9s a fahas\u00e1bok lassan \u00e9gnek el, egyenletes, tart\u00f3s\nh\u0151t eredm\u00e9nyezve. \n<\/p>\n\n\n\n<p>Egy\u00e9b lombhullat\u00f3 fafajok, mint p\u00e9ld\u00e1ul a juhar, a cseresznye \u00e9s a k\u0151ris f\u0171t\u0151\u00e9rt\u00e9ke is \u00f6sszehasonl\u00edthat\u00f3 a b\u00fckkf\u00e1val, \u00e1m ezeket ritk\u00e1bban k\u00edn\u00e1lj\u00e1k t\u0171zif\u00e1nak. A gyerty\u00e1nnak szint\u00e9n magas f\u0171t\u0151\u00e9rt\u00e9k is van, de nagyon kem\u00e9ny, ez\u00e9rt neh\u00e9z has\u00edtani.<\/p>\n\n\n\n<div class=\"wp-block-image\"><figure class=\"aligncenter\"><img src=\"http:\/\/proinno.eu\/hu\/wp-content\/uploads\/2019\/10\/tuzifa28-1.png\" alt=\"\" class=\"wp-image-410\"\/><figcaption>Az \u00e1br\u00e1n gyerty\u00e1n l\u00e1that\u00f3<\/figcaption><\/figure><\/div>\n\n\n\n<p>A t\u00f6lgyfa \u00e9g\u00e9se sor\u00e1n (nyitott kandall\u00f3ban) nem alakul ki sz\u00e9p l\u00e1ng, \u00e9s furcsa szagot bocs\u00e1t ki a magas tanninsavtartalma miatt. Ez\u00e9rt \u00e1ltal\u00e1ban csak z\u00e1rt kandall\u00f3ban haszn\u00e1lj\u00e1k. Ezen t\u00falmen\u0151en az \u00e9g\u00e9sterm\u00e9k lerak\u00f3dhat a hidegebb j\u00e1ratokban.<\/p>\n\n\n\n<div class=\"wp-block-image\"><figure class=\"aligncenter\"><img src=\"http:\/\/proinno.eu\/hu\/wp-content\/uploads\/2019\/10\/tuzifa29.png\" alt=\"\" class=\"wp-image-412\"\/><figcaption> <br>Az \u00e1br\u00e1n t\u00f6lgyfa l\u00e1that\u00f3 <\/figcaption><\/figure><\/div>\n\n\n\n<p>Az \u00e9ger, f\u0171z \u00e9s ny\u00e1rfa gyorsan el\u00e9g, ez\u00e9rt t\u0171zif\u00e1nak nem aj\u00e1nlott.<\/p>\n\n\n\n<div class=\"wp-block-image\"><figure class=\"aligncenter\"><img src=\"http:\/\/proinno.eu\/hu\/wp-content\/uploads\/2019\/10\/tuzifa30.png\" alt=\"\" class=\"wp-image-414\"\/><figcaption> Az \u00e1br\u00e1n ny\u00e1rfa l\u00e1that\u00f3 <\/figcaption><\/figure><\/div>\n\n\n\n<p>Javasoljuk v\u00e1lasszon ny\u00edrf\u00e1t. F\u0171t\u00e9si \u00e9rt\u00e9ke nem olyan magas, mint a b\u00fckk vagy k\u0151risfa, de a ny\u00edrfa ill\u00f3olaja kellemes illatot k\u00f6lcs\u00f6n\u00f6znek \u00e9s gy\u00f6ny\u00f6r\u0171, k\u00e9kes l\u00e1ngot eredm\u00e9nyez.<\/p>\n\n\n\n<div class=\"wp-block-image\"><figure class=\"aligncenter\"><img src=\"http:\/\/proinno.eu\/hu\/wp-content\/uploads\/2019\/10\/tuzifa31.png\" alt=\"\" class=\"wp-image-415\"\/><\/figure><\/div>\n\n\n\n<p>A t\u0171level\u0171 f\u00e1kat nem szabad ny\u00edlt t\u00e9ren \u00e9getni. A puhaf\u00e1k, p\u00e9ld\u00e1ul a lucfeny\u0151, a v\u00f6r\u00f6sfeny\u0151 \u00e9g\u00e9s sor\u00e1n leszakadt r\u00e9szei a fa gyanta tartalma miatt hajlamos megemelkedik \u00e9s sz\u00e1llni ide-oda. Ez\u00e9rt nem alkalmasak nyitott kandall\u00f3khoz. F\u0171t\u0151\u00e9rt\u00e9ke nem t\u00fal magas, (a b\u00fckk \u00e9s t\u00f6lgyf\u00e1hoz k\u00e9pest), de \u00e1ltal\u00e1ban sokkal alacsonyabb \u00e1ron \u00e9rt\u00e9kes\u00edtik. A puhaf\u00e1k gyorsan \u00e9gnek, ez\u00e9rt ide\u00e1lis hideg \u00e9p\u00fclet gyors felf\u0171t\u00e9sre, vagy t\u0171zhelyekbe, mivel itt gyors h\u0151fejl\u0151d\u00e9sre van sz\u00fcks\u00e9g\u00fcnk.<\/p>\n\n\n\n<div class=\"wp-block-image\"><figure class=\"aligncenter\"><img src=\"http:\/\/proinno.eu\/hu\/wp-content\/uploads\/2019\/10\/tuzifa31-1.png\" alt=\"\" class=\"wp-image-416\"\/><\/figure><\/div>\n","protected":false},"excerpt":{"rendered":"<p>A t\u0171zif\u00e1val t\u00f6rt\u00e9n\u0151 f\u0171t\u00e9st egyre t\u00f6bben v\u00e1lasztj\u00e1k ak\u00e1r alap- ak\u00e1r kieg\u00e9sz\u00edt\u0151f\u0171t\u00e9sk\u00e9nt is. A kandall\u00f3 nemcsak meleget ad \u00e9s romantikus l\u00e9gk\u00f6rt teremt, hanem k\u00f6rnyezetbar\u00e1t alternat\u00edv\u00e1ja az egy\u00e9b f\u0171t\u00e9snek. M\u00e9g egy kis fat\u00fczel\u00e9s\u0171 t\u0171zhely is elegend\u0151 h\u0151t szolg\u00e1ltat az \u00e1tmeneti id\u0151szakokban ahhoz, hogy k\u00e9sleltesse a k\u00f6zponti f\u0171t\u00e9s megkezd\u00e9s\u00e9t. Az alacsony k\u00f6rnyezeti terhel\u00e9s, ill. a k\u00f6lts\u00e9gek alacsonyan tart\u00e1sa &hellip; <a href=\"http:\/\/proinno.eu\/hu\/a-megfelelo-tuzifa-helyes-fatarolas\/\" class=\"more-link\"><span class=\"screen-reader-text\">A megfelel\u0151 t\u0171zifa, helyes fat\u00e1rol\u00e1s<\/span> r\u00e9szletei&#8230;<\/a><\/p>\n","protected":false},"author":1,"featured_media":0,"parent":0,"menu_order":0,"comment_status":"closed","ping_status":"closed","template":"","meta":[],"_links":{"self":[{"href":"http:\/\/proinno.eu\/hu\/wp-json\/wp\/v2\/pages\/351"}],"collection":[{"href":"http:\/\/proinno.eu\/hu\/wp-json\/wp\/v2\/pages"}],"about":[{"href":"http:\/\/proinno.eu\/hu\/wp-json\/wp\/v2\/types\/page"}],"author":[{"embeddable":true,"href":"http:\/\/proinno.eu\/hu\/wp-json\/wp\/v2\/users\/1"}],"replies":[{"embeddable":true,"href":"http:\/\/proinno.eu\/hu\/wp-json\/wp\/v2\/comments?post=351"}],"version-history":[{"count":23,"href":"http:\/\/proinno.eu\/hu\/wp-json\/wp\/v2\/pages\/351\/revisions"}],"predecessor-version":[{"id":417,"href":"http:\/\/proinno.eu\/hu\/wp-json\/wp\/v2\/pages\/351\/revisions\/417"}],"wp:attachment":[{"href":"http:\/\/proinno.eu\/hu\/wp-json\/wp\/v2\/media?parent=351"}],"curies":[{"name":"wp","href":"https:\/\/api.w.org\/{rel}","templated":true}]}}