{"id":313,"date":"2019-10-18T17:21:57","date_gmt":"2019-10-18T17:21:57","guid":{"rendered":"http:\/\/proinno.eu\/hu\/?page_id=313"},"modified":"2019-11-09T14:35:31","modified_gmt":"2019-11-09T14:35:31","slug":"burkolatok","status":"publish","type":"page","link":"http:\/\/proinno.eu\/hu\/burkolatok\/","title":{"rendered":"Burkolatok"},"content":{"rendered":"\n<p>A burkolatra vonatkoz\u00f3 r\u00e9szletes \u00e9s aktu\u00e1lis inform\u00e1ci\u00f3 a let\u00f6lt\u00e9s oldalon tal\u00e1lhat\u00f3 meg. Az al\u00e1bbiakban n\u00e9h\u00e1ny kiragadott t\u00edpust mutatunk be. Egy\u00e9nileg kiv\u00e1lasztott burkolatokat is be\u00e9p\u00edthet\u00fcnk.<\/p>\n\n\n\n<ul class=\"wp-block-gallery columns-2 is-cropped\"><li class=\"blocks-gallery-item\"><figure><img src=\"http:\/\/proinno.eu\/hu\/wp-content\/uploads\/2019\/10\/burkolatok1.png\" alt=\"\" data-id=\"315\" data-link=\"http:\/\/proinno.eu\/hu\/?attachment_id=315\" class=\"wp-image-315\"\/><\/figure><\/li><li class=\"blocks-gallery-item\"><figure><img src=\"http:\/\/proinno.eu\/hu\/wp-content\/uploads\/2019\/10\/burkolatok2-1.png\" alt=\"\" data-id=\"319\" data-link=\"http:\/\/proinno.eu\/hu\/burkolatok\/burkolatok2-2\/\" class=\"wp-image-319\"\/><\/figure><\/li><\/ul>\n\n\n\n<p>Itt van n\u00e9h\u00e1ny v\u00e1laszthat\u00f3 burkolat, \u00edzel\u00edt\u0151\u00fcl.<\/p>\n\n\n\n<ul class=\"wp-block-gallery columns-3 is-cropped\"><li class=\"blocks-gallery-item\"><figure><img src=\"http:\/\/proinno.eu\/hu\/wp-content\/uploads\/2019\/10\/burkolatok1_1.png\" alt=\"\" data-id=\"320\" data-link=\"http:\/\/proinno.eu\/hu\/burkolatok\/burkolatok1_1\/\" class=\"wp-image-320\"\/><\/figure><\/li><li class=\"blocks-gallery-item\"><figure><img src=\"http:\/\/proinno.eu\/hu\/wp-content\/uploads\/2019\/10\/burkolatok1_2.png\" alt=\"\" data-id=\"321\" data-link=\"http:\/\/proinno.eu\/hu\/burkolatok\/burkolatok1_2\/\" class=\"wp-image-321\"\/><\/figure><\/li><li class=\"blocks-gallery-item\"><figure><img src=\"http:\/\/proinno.eu\/hu\/wp-content\/uploads\/2019\/10\/burkolatok1_3.png\" alt=\"\" data-id=\"322\" data-link=\"http:\/\/proinno.eu\/hu\/burkolatok\/burkolatok1_3\/\" class=\"wp-image-322\"\/><\/figure><\/li><li class=\"blocks-gallery-item\"><figure><img src=\"http:\/\/proinno.eu\/hu\/wp-content\/uploads\/2019\/10\/burkolatok1_4.png\" alt=\"\" data-id=\"323\" data-link=\"http:\/\/proinno.eu\/hu\/burkolatok\/burkolatok1_4\/\" class=\"wp-image-323\"\/><\/figure><\/li><li class=\"blocks-gallery-item\"><figure><img src=\"http:\/\/proinno.eu\/hu\/wp-content\/uploads\/2019\/10\/burkolatok1_5.png\" alt=\"\" data-id=\"324\" data-link=\"http:\/\/proinno.eu\/hu\/burkolatok\/burkolatok1_5\/\" class=\"wp-image-324\"\/><\/figure><\/li><li class=\"blocks-gallery-item\"><figure><img src=\"http:\/\/proinno.eu\/hu\/wp-content\/uploads\/2019\/10\/burkolatok1_6.png\" alt=\"\" data-id=\"325\" data-link=\"http:\/\/proinno.eu\/hu\/burkolatok\/burkolatok1_6\/\" class=\"wp-image-325\"\/><\/figure><\/li><li class=\"blocks-gallery-item\"><figure><img src=\"http:\/\/proinno.eu\/hu\/wp-content\/uploads\/2019\/10\/burkolatok1_7.png\" alt=\"\" data-id=\"326\" data-link=\"http:\/\/proinno.eu\/hu\/burkolatok\/burkolatok1_7\/\" class=\"wp-image-326\"\/><\/figure><\/li><li class=\"blocks-gallery-item\"><figure><img src=\"http:\/\/proinno.eu\/hu\/wp-content\/uploads\/2019\/10\/burkolatok1_8.png\" alt=\"\" data-id=\"327\" data-link=\"http:\/\/proinno.eu\/hu\/burkolatok\/burkolatok1_8\/\" class=\"wp-image-327\"\/><\/figure><\/li><li class=\"blocks-gallery-item\"><figure><img src=\"http:\/\/proinno.eu\/hu\/wp-content\/uploads\/2019\/10\/burkolatok1_9.png\" alt=\"\" data-id=\"328\" data-link=\"http:\/\/proinno.eu\/hu\/burkolatok\/burkolatok1_9\/\" class=\"wp-image-328\"\/><\/figure><\/li><li class=\"blocks-gallery-item\"><figure><img src=\"http:\/\/proinno.eu\/hu\/wp-content\/uploads\/2019\/10\/burkolatok1_10.png\" alt=\"\" data-id=\"329\" data-link=\"http:\/\/proinno.eu\/hu\/burkolatok\/burkolatok1_10\/\" class=\"wp-image-329\"\/><\/figure><\/li><li class=\"blocks-gallery-item\"><figure><img src=\"http:\/\/proinno.eu\/hu\/wp-content\/uploads\/2019\/10\/burkolatok1_11.png\" alt=\"\" data-id=\"330\" data-link=\"http:\/\/proinno.eu\/hu\/burkolatok\/burkolatok1_11\/\" class=\"wp-image-330\"\/><\/figure><\/li><li class=\"blocks-gallery-item\"><figure><img src=\"http:\/\/proinno.eu\/hu\/wp-content\/uploads\/2019\/10\/burkolatok1_12.png\" alt=\"\" data-id=\"331\" data-link=\"http:\/\/proinno.eu\/hu\/burkolatok\/burkolatok1_12\/\" class=\"wp-image-331\"\/><\/figure><\/li><li class=\"blocks-gallery-item\"><figure><img src=\"http:\/\/proinno.eu\/hu\/wp-content\/uploads\/2019\/10\/burkolatok3-1.png\" alt=\"\" data-id=\"332\" data-link=\"http:\/\/proinno.eu\/hu\/burkolatok\/burkolatok3-2\/\" class=\"wp-image-332\"\/><\/figure><\/li><\/ul>\n","protected":false},"excerpt":{"rendered":"<p>A burkolatra vonatkoz\u00f3 r\u00e9szletes \u00e9s aktu\u00e1lis inform\u00e1ci\u00f3 a let\u00f6lt\u00e9s oldalon tal\u00e1lhat\u00f3 meg. Az al\u00e1bbiakban n\u00e9h\u00e1ny kiragadott t\u00edpust mutatunk be. Egy\u00e9nileg kiv\u00e1lasztott burkolatokat is be\u00e9p\u00edthet\u00fcnk. Itt van n\u00e9h\u00e1ny v\u00e1laszthat\u00f3 burkolat, \u00edzel\u00edt\u0151\u00fcl.<\/p>\n","protected":false},"author":1,"featured_media":0,"parent":0,"menu_order":0,"comment_status":"closed","ping_status":"closed","template":"","meta":[],"_links":{"self":[{"href":"http:\/\/proinno.eu\/hu\/wp-json\/wp\/v2\/pages\/313"}],"collection":[{"href":"http:\/\/proinno.eu\/hu\/wp-json\/wp\/v2\/pages"}],"about":[{"href":"http:\/\/proinno.eu\/hu\/wp-json\/wp\/v2\/types\/page"}],"author":[{"embeddable":true,"href":"http:\/\/proinno.eu\/hu\/wp-json\/wp\/v2\/users\/1"}],"replies":[{"embeddable":true,"href":"http:\/\/proinno.eu\/hu\/wp-json\/wp\/v2\/comments?post=313"}],"version-history":[{"count":5,"href":"http:\/\/proinno.eu\/hu\/wp-json\/wp\/v2\/pages\/313\/revisions"}],"predecessor-version":[{"id":574,"href":"http:\/\/proinno.eu\/hu\/wp-json\/wp\/v2\/pages\/313\/revisions\/574"}],"wp:attachment":[{"href":"http:\/\/proinno.eu\/hu\/wp-json\/wp\/v2\/media?parent=313"}],"curies":[{"name":"wp","href":"https:\/\/api.w.org\/{rel}","templated":true}]}}