{"id":23,"date":"2017-09-06T16:41:10","date_gmt":"2017-09-06T16:41:10","guid":{"rendered":"http:\/\/proinno.eu\/hu\/?page_id=23"},"modified":"2019-11-02T19:27:48","modified_gmt":"2019-11-02T19:27:48","slug":"rolunk","status":"publish","type":"page","link":"http:\/\/proinno.eu\/hu\/rolunk\/","title":{"rendered":"Magunkr\u00f3l"},"content":{"rendered":"\n<p>\nC\u00e9g\u00fcnk\n2000-ben indult Ceraform Bt form\u00e1ban \u00e9s kezdetben kiz\u00e1r\u00f3lag\nker\u00e1mi\u00e1t gy\u00e1rtottunk kandall\u00f3khoz. Fokozatosan t\u00e9rt\u00fcnk \u00e1t a\nkandall\u00f3 gy\u00e1rt\u00e1sra. Termel\u00e9s\u00fcnk nagyobb h\u00e1nyada N\u00e9metorsz\u00e1gba\n\u00e9s Ausztri\u00e1ba ir\u00e1nyul, de \u00e9vr\u0151l-\u00e9vre n\u00f6vekszik a hazai elad\u00e1s\nr\u00e9szesed\u00e9se.<\/p>\n\n\n\n<p> ProInno felismerte az innov\u00e1ci\u00f3 fontoss\u00e1g\u00e1t.Ez\u00e9rt kialak\u00edtotta a folyamatos fejleszt\u00e9s kult\u00far\u00e1j\u00e1t. C\u00e9g\u00fcnk szeml\u00e9let\u00e9ben kulcsfontoss\u00e1g\u00fa elem az \u00faj technol\u00f3gi\u00e1k, folyamatok kutat\u00e1sa \u00e9s elsaj\u00e1t\u00edt\u00e1sa. Olyan munkahelyi k\u00f6r\u00fclm\u00e9nyeket, l\u00e9gk\u00f6rt alak\u00edtottunk ki, mely serkenti dolgoz\u00f3inkat \u00faj \u00f6tleteik megfogalmaz\u00e1s\u00e1ban \u00e9s megoszt\u00e1s\u00e1ban. Elk\u00f6telezettek vagyunk az innovat\u00edv \u00f6tletek kidolgoz\u00e1s\u00e1ban, azok gyakorlati felhaszn\u00e1l\u00e1s\u00e1ban. Addig keress\u00fck &#8211; form\u00e1juk az egyes megold\u00e1sokat, ameddig meg nem tal\u00e1ljuk az \u00fcgyfeleinknek legink\u00e1bb megfelel\u0151 rendszert.<\/p>\n\n\n\n<p> Megval\u00f3s\u00edtottuk soksz\u00edn\u0171s\u00e9g, befogad\u00e1s kult\u00far\u00e1j\u00e1t, amelyben minden dolgoz\u00f3 hozz\u00e1j\u00e1rul a kih\u00edv\u00e1sok maxim\u00e1lis teljes\u00edt\u00e9s\u00e9hez \u00e9s egy\u00fattal biztos\u00edtja mindenki sz\u00e1m\u00e1ra az \u00f6nmegval\u00f3s\u00edt\u00e1st, c\u00e9g\u00fcnk sz\u00e1m\u00e1ra pedig a n\u00f6veked\u00e9si p\u00e1ly\u00e1t.<\/p>\n","protected":false},"excerpt":{"rendered":"<p>C\u00e9g\u00fcnk 2000-ben indult Ceraform Bt form\u00e1ban \u00e9s kezdetben kiz\u00e1r\u00f3lag ker\u00e1mi\u00e1t gy\u00e1rtottunk kandall\u00f3khoz. Fokozatosan t\u00e9rt\u00fcnk \u00e1t a kandall\u00f3 gy\u00e1rt\u00e1sra. Termel\u00e9s\u00fcnk nagyobb h\u00e1nyada N\u00e9metorsz\u00e1gba \u00e9s Ausztri\u00e1ba ir\u00e1nyul, de \u00e9vr\u0151l-\u00e9vre n\u00f6vekszik a hazai elad\u00e1s r\u00e9szesed\u00e9se. ProInno felismerte az innov\u00e1ci\u00f3 fontoss\u00e1g\u00e1t.Ez\u00e9rt kialak\u00edtotta a folyamatos fejleszt\u00e9s kult\u00far\u00e1j\u00e1t. C\u00e9g\u00fcnk szeml\u00e9let\u00e9ben kulcsfontoss\u00e1g\u00fa elem az \u00faj technol\u00f3gi\u00e1k, folyamatok kutat\u00e1sa \u00e9s elsaj\u00e1t\u00edt\u00e1sa. Olyan munkahelyi &hellip; <a href=\"http:\/\/proinno.eu\/hu\/rolunk\/\" class=\"more-link\"><span class=\"screen-reader-text\">Magunkr\u00f3l<\/span> r\u00e9szletei&#8230;<\/a><\/p>\n","protected":false},"author":1,"featured_media":0,"parent":0,"menu_order":0,"comment_status":"closed","ping_status":"closed","template":"","meta":[],"_links":{"self":[{"href":"http:\/\/proinno.eu\/hu\/wp-json\/wp\/v2\/pages\/23"}],"collection":[{"href":"http:\/\/proinno.eu\/hu\/wp-json\/wp\/v2\/pages"}],"about":[{"href":"http:\/\/proinno.eu\/hu\/wp-json\/wp\/v2\/types\/page"}],"author":[{"embeddable":true,"href":"http:\/\/proinno.eu\/hu\/wp-json\/wp\/v2\/users\/1"}],"replies":[{"embeddable":true,"href":"http:\/\/proinno.eu\/hu\/wp-json\/wp\/v2\/comments?post=23"}],"version-history":[{"count":5,"href":"http:\/\/proinno.eu\/hu\/wp-json\/wp\/v2\/pages\/23\/revisions"}],"predecessor-version":[{"id":547,"href":"http:\/\/proinno.eu\/hu\/wp-json\/wp\/v2\/pages\/23\/revisions\/547"}],"wp:attachment":[{"href":"http:\/\/proinno.eu\/hu\/wp-json\/wp\/v2\/media?parent=23"}],"curies":[{"name":"wp","href":"https:\/\/api.w.org\/{rel}","templated":true}]}}